{"id":15,"date":"2024-02-26T13:24:51","date_gmt":"2024-02-26T12:24:51","guid":{"rendered":"http:\/\/laroutv.cluster028.hosting.ovh.net\/?page_id=15"},"modified":"2024-07-11T10:04:07","modified_gmt":"2024-07-11T08:04:07","slug":"livraison-a-domicile","status":"publish","type":"page","link":"https:\/\/laroutourne08.com\/index.php\/livraison-a-domicile\/","title":{"rendered":"Livraison \u00e0 domicile"},"content":{"rendered":"\t\t<div data-elementor-type=\"wp-page\" data-elementor-id=\"15\" class=\"elementor elementor-15\" data-elementor-post-type=\"page\">\n\t\t\t\t\t\t<section class=\"elementor-section elementor-top-section elementor-element elementor-element-6b153e89 elementor-section-height-min-height elementor-section-boxed elementor-section-height-default elementor-section-items-middle\" data-id=\"6b153e89\" data-element_type=\"section\" data-e-type=\"section\" data-settings=\"{&quot;background_background&quot;:&quot;classic&quot;}\">\n\t\t\t\t\t\t<div class=\"elementor-container elementor-column-gap-default\">\n\t\t\t\t\t<div class=\"elementor-column elementor-col-100 elementor-top-column elementor-element elementor-element-307c5430\" data-id=\"307c5430\" data-element_type=\"column\" data-e-type=\"column\">\n\t\t\t<div class=\"elementor-widget-wrap elementor-element-populated\">\n\t\t\t\t\t\t<section class=\"elementor-section elementor-inner-section elementor-element elementor-element-77b7ded4 elementor-section-boxed elementor-section-height-default elementor-section-height-default\" data-id=\"77b7ded4\" data-element_type=\"section\" data-e-type=\"section\" data-settings=\"{&quot;background_background&quot;:&quot;classic&quot;}\">\n\t\t\t\t\t\t<div class=\"elementor-container elementor-column-gap-default\">\n\t\t\t\t\t<div class=\"elementor-column elementor-col-50 elementor-inner-column elementor-element elementor-element-63a82c36\" data-id=\"63a82c36\" data-element_type=\"column\" data-e-type=\"column\">\n\t\t\t<div class=\"elementor-widget-wrap elementor-element-populated\">\n\t\t\t\t\t\t<div class=\"elementor-element elementor-element-1203fb58 elementor-widget-mobile__width-initial elementor-widget elementor-widget-elementskit-heading\" data-id=\"1203fb58\" data-element_type=\"widget\" data-e-type=\"widget\" data-widget_type=\"elementskit-heading.default\">\n\t\t\t\t<div class=\"elementor-widget-container\">\n\t\t\t\t\t<div class=\"ekit-wid-con\" ><div class=\"ekit-heading elementskit-section-title-wraper text_left   ekit_heading_tablet-   ekit_heading_mobile-\"><span class=\"elementskit-section-subtitle  \">\n\t\t\t\t\t\tLa Routourne, penser &quot;solidaire&quot; !\n\t\t\t\t\t<\/span><h2 class=\"ekit-heading--title elementskit-section-title \">Notre service de livraison \u00e0 domicile !<\/h2>\t\t\t\t<div class='ekit-heading__description'>\n\t\t\t\t\t<p>Plusieurs partenariats ont \u00e9t\u00e9 d\u00e9velopp\u00e9s avec des producteurs locaux comme <strong>le Drive Fermier de Vouziers<\/strong> pour b\u00e9n\u00e9ficier de la livraison de vos commandes directement \u00e0 votre domicile !<\/p>\n\t\t\t\t<\/div>\n\t\t\t<\/div><\/div>\t\t\t\t<\/div>\n\t\t\t\t<\/div>\n\t\t\t\t<div class=\"elementor-element elementor-element-d37f02d elementor-widget elementor-widget-image\" data-id=\"d37f02d\" data-element_type=\"widget\" data-e-type=\"widget\" data-widget_type=\"image.default\">\n\t\t\t\t<div class=\"elementor-widget-container\">\n\t\t\t\t\t\t\t\t\t\t\t\t\t\t\t<img decoding=\"async\" width=\"211\" height=\"133\" src=\"https:\/\/laroutourne08.com\/wp-content\/uploads\/2024\/03\/Capture-decran-2024-03-26-a-14.10.59.png\" class=\"attachment-medium size-medium wp-image-455 no-lazy\" alt=\"\" \/>\t\t\t\t\t\t\t\t\t\t\t\t\t\t\t<\/div>\n\t\t\t\t<\/div>\n\t\t\t\t<div class=\"elementor-element elementor-element-4735d4f3 elementor-align-left elementor-widget elementor-widget-elementskit-button\" data-id=\"4735d4f3\" data-element_type=\"widget\" data-e-type=\"widget\" data-widget_type=\"elementskit-button.default\">\n\t\t\t\t<div class=\"elementor-widget-container\">\n\t\t\t\t\t<div class=\"ekit-wid-con\" >\t\t<div class=\"ekit-btn-wraper\">\n\t\t\t\t\t\t\t<a href=\"https:\/\/www.drive-fermier-vouziers-08.fr\" target=\"_blank\" class=\"elementskit-btn  whitespace--normal\" id=\"\">\n\t\t\t\t\tLE DRIVE FERMIER !\t\t\t\t<\/a>\n\t\t\t\t\t<\/div>\n        <\/div>\t\t\t\t<\/div>\n\t\t\t\t<\/div>\n\t\t\t\t\t<\/div>\n\t\t<\/div>\n\t\t\t\t<div class=\"elementor-column elementor-col-50 elementor-inner-column elementor-element elementor-element-14d577a1\" data-id=\"14d577a1\" data-element_type=\"column\" data-e-type=\"column\">\n\t\t\t<div class=\"elementor-widget-wrap\">\n\t\t\t\t\t\t\t<\/div>\n\t\t<\/div>\n\t\t\t\t\t<\/div>\n\t\t<\/section>\n\t\t\t\t\t<\/div>\n\t\t<\/div>\n\t\t\t\t\t<\/div>\n\t\t<\/section>\n\t\t<div class=\"elementor-element elementor-element-4d53c6b e-flex e-con-boxed e-con e-parent\" data-id=\"4d53c6b\" data-element_type=\"container\" data-e-type=\"container\">\n\t\t\t\t\t<div class=\"e-con-inner\">\n\t\t\t\t<div class=\"elementor-element elementor-element-e753a55 elementor-widget elementor-widget-text-editor\" data-id=\"e753a55\" data-element_type=\"widget\" data-e-type=\"widget\" data-widget_type=\"text-editor.default\">\n\t\t\t\t<div class=\"elementor-widget-container\">\n\t\t\t\t\t\t\t\t\t<p><strong><em>Des partenariats sont \u00e9galement mis en place avec la Croix-Rouge Fran\u00e7aise, Les Restos du Coeur et la Boutique Alimentaire de la ville de Vouziers pour assurer des livraisons des colis alimentaires pour des personnes non mobiles et isol\u00e9es.<\/em><\/strong><\/p>\t\t\t\t\t\t\t\t<\/div>\n\t\t\t\t<\/div>\n\t\t\t\t\t<\/div>\n\t\t\t\t<\/div>\n\t\t\t\t<section class=\"elementor-section elementor-top-section elementor-element elementor-element-5c2ea121 elementor-section-boxed elementor-section-height-default elementor-section-height-default\" data-id=\"5c2ea121\" data-element_type=\"section\" data-e-type=\"section\">\n\t\t\t\t\t\t<div class=\"elementor-container elementor-column-gap-default\">\n\t\t\t\t\t<div class=\"elementor-column elementor-col-100 elementor-top-column elementor-element elementor-element-cea3ba0\" data-id=\"cea3ba0\" data-element_type=\"column\" data-e-type=\"column\">\n\t\t\t<div class=\"elementor-widget-wrap elementor-element-populated\">\n\t\t\t\t\t\t<section class=\"elementor-section elementor-inner-section elementor-element elementor-element-1923b757 elementor-section-boxed elementor-section-height-default elementor-section-height-default\" data-id=\"1923b757\" data-element_type=\"section\" data-e-type=\"section\">\n\t\t\t\t\t\t<div class=\"elementor-container elementor-column-gap-default\">\n\t\t\t\t\t<div class=\"elementor-column elementor-col-50 elementor-inner-column elementor-element elementor-element-7854d6ce\" data-id=\"7854d6ce\" data-element_type=\"column\" data-e-type=\"column\">\n\t\t\t<div class=\"elementor-widget-wrap elementor-element-populated\">\n\t\t\t\t\t\t<div class=\"elementor-element elementor-element-21d0ccc elementor-widget elementor-widget-image\" data-id=\"21d0ccc\" data-element_type=\"widget\" data-e-type=\"widget\" data-widget_type=\"image.default\">\n\t\t\t\t<div class=\"elementor-widget-container\">\n\t\t\t\t\t\t\t\t\t\t\t\t\t\t\t<img fetchpriority=\"high\" decoding=\"async\" width=\"1024\" height=\"683\" src=\"https:\/\/laroutourne08.com\/wp-content\/uploads\/2024\/03\/Fondation-Macif-La-Passerelle-FJEPCS-08-1024x683-1.jpeg\" class=\"attachment-full size-full wp-image-448 no-lazy\" alt=\"\" srcset=\"https:\/\/laroutourne08.com\/wp-content\/uploads\/2024\/03\/Fondation-Macif-La-Passerelle-FJEPCS-08-1024x683-1.jpeg 1024w, https:\/\/laroutourne08.com\/wp-content\/uploads\/2024\/03\/Fondation-Macif-La-Passerelle-FJEPCS-08-1024x683-1-300x200.jpeg 300w, https:\/\/laroutourne08.com\/wp-content\/uploads\/2024\/03\/Fondation-Macif-La-Passerelle-FJEPCS-08-1024x683-1-768x512.jpeg 768w\" sizes=\"(max-width: 1024px) 100vw, 1024px\" \/>\t\t\t\t\t\t\t\t\t\t\t\t\t\t\t<\/div>\n\t\t\t\t<\/div>\n\t\t\t\t\t<\/div>\n\t\t<\/div>\n\t\t\t\t<div class=\"elementor-column elementor-col-50 elementor-inner-column elementor-element elementor-element-361a7286\" data-id=\"361a7286\" data-element_type=\"column\" data-e-type=\"column\">\n\t\t\t<div class=\"elementor-widget-wrap elementor-element-populated\">\n\t\t\t\t\t\t<div class=\"elementor-element elementor-element-b805316 elementor-widget elementor-widget-image\" data-id=\"b805316\" data-element_type=\"widget\" data-e-type=\"widget\" data-widget_type=\"image.default\">\n\t\t\t\t<div class=\"elementor-widget-container\">\n\t\t\t\t\t\t\t\t\t\t\t\t\t\t\t<img decoding=\"async\" width=\"1024\" height=\"683\" src=\"https:\/\/laroutourne08.com\/wp-content\/uploads\/2024\/03\/Fondation-Macif-La-Passerelle-FJEPCS-07-1024x683-1.jpeg\" class=\"attachment-full size-full wp-image-446 no-lazy\" alt=\"\" srcset=\"https:\/\/laroutourne08.com\/wp-content\/uploads\/2024\/03\/Fondation-Macif-La-Passerelle-FJEPCS-07-1024x683-1.jpeg 1024w, https:\/\/laroutourne08.com\/wp-content\/uploads\/2024\/03\/Fondation-Macif-La-Passerelle-FJEPCS-07-1024x683-1-300x200.jpeg 300w, https:\/\/laroutourne08.com\/wp-content\/uploads\/2024\/03\/Fondation-Macif-La-Passerelle-FJEPCS-07-1024x683-1-768x512.jpeg 768w\" sizes=\"(max-width: 1024px) 100vw, 1024px\" \/>\t\t\t\t\t\t\t\t\t\t\t\t\t\t\t<\/div>\n\t\t\t\t<\/div>\n\t\t\t\t<div class=\"elementor-element elementor-element-627fc8b elementor-widget elementor-widget-text-editor\" data-id=\"627fc8b\" data-element_type=\"widget\" data-e-type=\"widget\" data-widget_type=\"text-editor.default\">\n\t\t\t\t<div class=\"elementor-widget-container\">\n\t\t\t\t\t\t\t\t\t<p><em>Un service accessible \u00e0 ceux qui en ont le plus besoin, le service de livraison \u00e0 domicile de La Routourne&#8230;<\/em><\/p>\t\t\t\t\t\t\t\t<\/div>\n\t\t\t\t<\/div>\n\t\t\t\t\t<\/div>\n\t\t<\/div>\n\t\t\t\t\t<\/div>\n\t\t<\/section>\n\t\t\t\t\t<\/div>\n\t\t<\/div>\n\t\t\t\t\t<\/div>\n\t\t<\/section>\n\t\t\t\t<section class=\"elementor-section elementor-top-section elementor-element elementor-element-2afe24d4 elementor-hidden-desktop elementor-hidden-tablet elementor-hidden-phone elementor-section-boxed elementor-section-height-default elementor-section-height-default\" data-id=\"2afe24d4\" data-element_type=\"section\" data-e-type=\"section\">\n\t\t\t\t\t\t<div class=\"elementor-container elementor-column-gap-default\">\n\t\t\t\t\t<div class=\"elementor-column elementor-col-100 elementor-top-column elementor-element elementor-element-6ff9749f\" data-id=\"6ff9749f\" data-element_type=\"column\" data-e-type=\"column\">\n\t\t\t<div class=\"elementor-widget-wrap elementor-element-populated\">\n\t\t\t\t\t\t<div class=\"elementor-element elementor-element-1b0e7d1a elementor-widget elementor-widget-elementskit-blog-posts\" data-id=\"1b0e7d1a\" data-element_type=\"widget\" data-e-type=\"widget\" data-widget_type=\"elementskit-blog-posts.default\">\n\t\t\t\t<div class=\"elementor-widget-container\">\n\t\t\t\t\t<div class=\"ekit-wid-con\" >        <div id=\"post-items--1b0e7d1a\" class=\"row post-items\">\n                <\/div>\n       <\/div>\t\t\t\t<\/div>\n\t\t\t\t<\/div>\n\t\t\t\t\t<\/div>\n\t\t<\/div>\n\t\t\t\t\t<\/div>\n\t\t<\/section>\n\t\t\t\t<\/div>\n\t\t","protected":false},"excerpt":{"rendered":"<p>La Routourne, penser &quot;solidaire&quot; ! Notre service de livraison \u00e0 domicile ! Plusieurs partenariats ont<\/p>\n","protected":false},"author":1,"featured_media":0,"parent":0,"menu_order":0,"comment_status":"closed","ping_status":"closed","template":"","meta":{"footnotes":""},"class_list":["post-15","page","type-page","status-publish","hentry"],"yoast_head":"<!-- This site is optimized with the Yoast SEO plugin v26.9 - https:\/\/yoast.com\/product\/yoast-seo-wordpress\/ -->\n<title>Livraison \u00e0 domicile - La Routourne<\/title>\n<meta name=\"robots\" content=\"index, follow, max-snippet:-1, max-image-preview:large, max-video-preview:-1\" \/>\n<link rel=\"canonical\" href=\"https:\/\/laroutourne08.com\/index.php\/livraison-a-domicile\/\" \/>\n<meta property=\"og:locale\" content=\"fr_FR\" \/>\n<meta property=\"og:type\" content=\"article\" \/>\n<meta property=\"og:title\" content=\"Livraison \u00e0 domicile - La Routourne\" \/>\n<meta property=\"og:description\" content=\"La Routourne, penser &quot;solidaire&quot; ! Notre service de livraison \u00e0 domicile ! Plusieurs partenariats ont\" \/>\n<meta property=\"og:url\" content=\"https:\/\/laroutourne08.com\/index.php\/livraison-a-domicile\/\" \/>\n<meta property=\"og:site_name\" content=\"La Routourne\" \/>\n<meta property=\"article:modified_time\" content=\"2024-07-11T08:04:07+00:00\" \/>\n<meta property=\"og:image\" content=\"https:\/\/laroutourne08.com\/wp-content\/uploads\/2024\/03\/Capture-decran-2024-03-26-a-14.10.59.png\" \/>\n<meta name=\"twitter:card\" content=\"summary_large_image\" \/>\n<meta name=\"twitter:label1\" content=\"Dur\u00e9e de lecture estim\u00e9e\" \/>\n\t<meta name=\"twitter:data1\" content=\"2 minutes\" \/>\n<script type=\"application\/ld+json\" class=\"yoast-schema-graph\">{\"@context\":\"https:\/\/schema.org\",\"@graph\":[{\"@type\":\"WebPage\",\"@id\":\"https:\/\/laroutourne08.com\/index.php\/livraison-a-domicile\/\",\"url\":\"https:\/\/laroutourne08.com\/index.php\/livraison-a-domicile\/\",\"name\":\"Livraison \u00e0 domicile - La Routourne\",\"isPartOf\":{\"@id\":\"https:\/\/laroutourne08.com\/#website\"},\"primaryImageOfPage\":{\"@id\":\"https:\/\/laroutourne08.com\/index.php\/livraison-a-domicile\/#primaryimage\"},\"image\":{\"@id\":\"https:\/\/laroutourne08.com\/index.php\/livraison-a-domicile\/#primaryimage\"},\"thumbnailUrl\":\"https:\/\/laroutourne08.com\/wp-content\/uploads\/2024\/03\/Capture-decran-2024-03-26-a-14.10.59.png\",\"datePublished\":\"2024-02-26T12:24:51+00:00\",\"dateModified\":\"2024-07-11T08:04:07+00:00\",\"breadcrumb\":{\"@id\":\"https:\/\/laroutourne08.com\/index.php\/livraison-a-domicile\/#breadcrumb\"},\"inLanguage\":\"fr-FR\",\"potentialAction\":[{\"@type\":\"ReadAction\",\"target\":[\"https:\/\/laroutourne08.com\/index.php\/livraison-a-domicile\/\"]}]},{\"@type\":\"ImageObject\",\"inLanguage\":\"fr-FR\",\"@id\":\"https:\/\/laroutourne08.com\/index.php\/livraison-a-domicile\/#primaryimage\",\"url\":\"https:\/\/laroutourne08.com\/wp-content\/uploads\/2024\/03\/Capture-decran-2024-03-26-a-14.10.59.png\",\"contentUrl\":\"https:\/\/laroutourne08.com\/wp-content\/uploads\/2024\/03\/Capture-decran-2024-03-26-a-14.10.59.png\",\"width\":211,\"height\":133},{\"@type\":\"BreadcrumbList\",\"@id\":\"https:\/\/laroutourne08.com\/index.php\/livraison-a-domicile\/#breadcrumb\",\"itemListElement\":[{\"@type\":\"ListItem\",\"position\":1,\"name\":\"Accueil\",\"item\":\"https:\/\/laroutourne08.com\/\"},{\"@type\":\"ListItem\",\"position\":2,\"name\":\"Livraison \u00e0 domicile\"}]},{\"@type\":\"WebSite\",\"@id\":\"https:\/\/laroutourne08.com\/#website\",\"url\":\"https:\/\/laroutourne08.com\/\",\"name\":\"La Routourne\",\"description\":\"Association bas\u00e9e \u00e0 Vouziers\",\"publisher\":{\"@id\":\"https:\/\/laroutourne08.com\/#organization\"},\"potentialAction\":[{\"@type\":\"SearchAction\",\"target\":{\"@type\":\"EntryPoint\",\"urlTemplate\":\"https:\/\/laroutourne08.com\/?s={search_term_string}\"},\"query-input\":{\"@type\":\"PropertyValueSpecification\",\"valueRequired\":true,\"valueName\":\"search_term_string\"}}],\"inLanguage\":\"fr-FR\"},{\"@type\":\"Organization\",\"@id\":\"https:\/\/laroutourne08.com\/#organization\",\"name\":\"La Routourne\",\"url\":\"https:\/\/laroutourne08.com\/\",\"logo\":{\"@type\":\"ImageObject\",\"inLanguage\":\"fr-FR\",\"@id\":\"https:\/\/laroutourne08.com\/#\/schema\/logo\/image\/\",\"url\":\"https:\/\/laroutourne08.com\/wp-content\/uploads\/2024\/02\/cropped-2.png\",\"contentUrl\":\"https:\/\/laroutourne08.com\/wp-content\/uploads\/2024\/02\/cropped-2.png\",\"width\":200,\"height\":200,\"caption\":\"La Routourne\"},\"image\":{\"@id\":\"https:\/\/laroutourne08.com\/#\/schema\/logo\/image\/\"}}]}<\/script>\n<!-- \/ Yoast SEO plugin. -->","yoast_head_json":{"title":"Livraison \u00e0 domicile - La Routourne","robots":{"index":"index","follow":"follow","max-snippet":"max-snippet:-1","max-image-preview":"max-image-preview:large","max-video-preview":"max-video-preview:-1"},"canonical":"https:\/\/laroutourne08.com\/index.php\/livraison-a-domicile\/","og_locale":"fr_FR","og_type":"article","og_title":"Livraison \u00e0 domicile - La Routourne","og_description":"La Routourne, penser &quot;solidaire&quot; ! Notre service de livraison \u00e0 domicile ! Plusieurs partenariats ont","og_url":"https:\/\/laroutourne08.com\/index.php\/livraison-a-domicile\/","og_site_name":"La Routourne","article_modified_time":"2024-07-11T08:04:07+00:00","og_image":[{"url":"https:\/\/laroutourne08.com\/wp-content\/uploads\/2024\/03\/Capture-decran-2024-03-26-a-14.10.59.png","type":"","width":"","height":""}],"twitter_card":"summary_large_image","twitter_misc":{"Dur\u00e9e de lecture estim\u00e9e":"2 minutes"},"schema":{"@context":"https:\/\/schema.org","@graph":[{"@type":"WebPage","@id":"https:\/\/laroutourne08.com\/index.php\/livraison-a-domicile\/","url":"https:\/\/laroutourne08.com\/index.php\/livraison-a-domicile\/","name":"Livraison \u00e0 domicile - La Routourne","isPartOf":{"@id":"https:\/\/laroutourne08.com\/#website"},"primaryImageOfPage":{"@id":"https:\/\/laroutourne08.com\/index.php\/livraison-a-domicile\/#primaryimage"},"image":{"@id":"https:\/\/laroutourne08.com\/index.php\/livraison-a-domicile\/#primaryimage"},"thumbnailUrl":"https:\/\/laroutourne08.com\/wp-content\/uploads\/2024\/03\/Capture-decran-2024-03-26-a-14.10.59.png","datePublished":"2024-02-26T12:24:51+00:00","dateModified":"2024-07-11T08:04:07+00:00","breadcrumb":{"@id":"https:\/\/laroutourne08.com\/index.php\/livraison-a-domicile\/#breadcrumb"},"inLanguage":"fr-FR","potentialAction":[{"@type":"ReadAction","target":["https:\/\/laroutourne08.com\/index.php\/livraison-a-domicile\/"]}]},{"@type":"ImageObject","inLanguage":"fr-FR","@id":"https:\/\/laroutourne08.com\/index.php\/livraison-a-domicile\/#primaryimage","url":"https:\/\/laroutourne08.com\/wp-content\/uploads\/2024\/03\/Capture-decran-2024-03-26-a-14.10.59.png","contentUrl":"https:\/\/laroutourne08.com\/wp-content\/uploads\/2024\/03\/Capture-decran-2024-03-26-a-14.10.59.png","width":211,"height":133},{"@type":"BreadcrumbList","@id":"https:\/\/laroutourne08.com\/index.php\/livraison-a-domicile\/#breadcrumb","itemListElement":[{"@type":"ListItem","position":1,"name":"Accueil","item":"https:\/\/laroutourne08.com\/"},{"@type":"ListItem","position":2,"name":"Livraison \u00e0 domicile"}]},{"@type":"WebSite","@id":"https:\/\/laroutourne08.com\/#website","url":"https:\/\/laroutourne08.com\/","name":"La Routourne","description":"Association bas\u00e9e \u00e0 Vouziers","publisher":{"@id":"https:\/\/laroutourne08.com\/#organization"},"potentialAction":[{"@type":"SearchAction","target":{"@type":"EntryPoint","urlTemplate":"https:\/\/laroutourne08.com\/?s={search_term_string}"},"query-input":{"@type":"PropertyValueSpecification","valueRequired":true,"valueName":"search_term_string"}}],"inLanguage":"fr-FR"},{"@type":"Organization","@id":"https:\/\/laroutourne08.com\/#organization","name":"La Routourne","url":"https:\/\/laroutourne08.com\/","logo":{"@type":"ImageObject","inLanguage":"fr-FR","@id":"https:\/\/laroutourne08.com\/#\/schema\/logo\/image\/","url":"https:\/\/laroutourne08.com\/wp-content\/uploads\/2024\/02\/cropped-2.png","contentUrl":"https:\/\/laroutourne08.com\/wp-content\/uploads\/2024\/02\/cropped-2.png","width":200,"height":200,"caption":"La Routourne"},"image":{"@id":"https:\/\/laroutourne08.com\/#\/schema\/logo\/image\/"}}]}},"_links":{"self":[{"href":"https:\/\/laroutourne08.com\/index.php\/wp-json\/wp\/v2\/pages\/15","targetHints":{"allow":["GET"]}}],"collection":[{"href":"https:\/\/laroutourne08.com\/index.php\/wp-json\/wp\/v2\/pages"}],"about":[{"href":"https:\/\/laroutourne08.com\/index.php\/wp-json\/wp\/v2\/types\/page"}],"author":[{"embeddable":true,"href":"https:\/\/laroutourne08.com\/index.php\/wp-json\/wp\/v2\/users\/1"}],"replies":[{"embeddable":true,"href":"https:\/\/laroutourne08.com\/index.php\/wp-json\/wp\/v2\/comments?post=15"}],"version-history":[{"count":22,"href":"https:\/\/laroutourne08.com\/index.php\/wp-json\/wp\/v2\/pages\/15\/revisions"}],"predecessor-version":[{"id":959,"href":"https:\/\/laroutourne08.com\/index.php\/wp-json\/wp\/v2\/pages\/15\/revisions\/959"}],"wp:attachment":[{"href":"https:\/\/laroutourne08.com\/index.php\/wp-json\/wp\/v2\/media?parent=15"}],"curies":[{"name":"wp","href":"https:\/\/api.w.org\/{rel}","templated":true}]}}