{"id":492,"date":"2024-03-26T14:46:29","date_gmt":"2024-03-26T13:46:29","guid":{"rendered":"https:\/\/laroutourne08.com\/?page_id=492"},"modified":"2024-03-26T15:02:52","modified_gmt":"2024-03-26T14:02:52","slug":"location-de-velos-en-ligne","status":"publish","type":"page","link":"https:\/\/laroutourne08.com\/index.php\/location-de-velos-en-ligne\/","title":{"rendered":"Location de v\u00e9los en ligne !"},"content":{"rendered":"\t\t<div data-elementor-type=\"wp-page\" data-elementor-id=\"492\" class=\"elementor elementor-492\" data-elementor-post-type=\"page\">\n\t\t\t\t<div class=\"elementor-element elementor-element-b57efcf e-flex e-con-boxed e-con e-parent\" data-id=\"b57efcf\" data-element_type=\"container\" data-e-type=\"container\">\n\t\t\t\t\t<div class=\"e-con-inner\">\n\t\t\t\t\t<\/div>\n\t\t\t\t<\/div>\n\t\t\t\t<section class=\"elementor-section elementor-top-section elementor-element elementor-element-3131d041 elementor-section-boxed elementor-section-height-default elementor-section-height-default\" data-id=\"3131d041\" data-element_type=\"section\" data-e-type=\"section\">\n\t\t\t\t\t\t<div class=\"elementor-container elementor-column-gap-default\">\n\t\t\t\t\t<div class=\"elementor-column elementor-col-100 elementor-top-column elementor-element elementor-element-36091dce\" data-id=\"36091dce\" data-element_type=\"column\" data-e-type=\"column\">\n\t\t\t<div class=\"elementor-widget-wrap elementor-element-populated\">\n\t\t\t\t\t\t<section class=\"elementor-section elementor-inner-section elementor-element elementor-element-3c8e194e elementor-section-content-middle elementor-section-boxed elementor-section-height-default elementor-section-height-default\" data-id=\"3c8e194e\" data-element_type=\"section\" data-e-type=\"section\">\n\t\t\t\t\t\t<div class=\"elementor-container elementor-column-gap-default\">\n\t\t\t\t\t<div class=\"elementor-column elementor-col-50 elementor-inner-column elementor-element elementor-element-79d475b5\" data-id=\"79d475b5\" data-element_type=\"column\" data-e-type=\"column\">\n\t\t\t<div class=\"elementor-widget-wrap elementor-element-populated\">\n\t\t\t\t\t\t<div class=\"elementor-element elementor-element-3c6976a2 elementor-widget elementor-widget-elementskit-heading\" data-id=\"3c6976a2\" data-element_type=\"widget\" data-e-type=\"widget\" data-widget_type=\"elementskit-heading.default\">\n\t\t\t\t<div class=\"elementor-widget-container\">\n\t\t\t\t\t<div class=\"ekit-wid-con\" ><div class=\"ekit-heading elementskit-section-title-wraper text_left   ekit_heading_tablet-   ekit_heading_mobile-\"><h2 class=\"ekit-heading--title elementskit-section-title \">Louez votre v\u00e9lo directement en ligne !<\/h2>\t\t\t\t<div class='ekit-heading__description'>\n\t\t\t\t\t<p><em><strong>Envie d'une petit balade en plein air ?\u00a0<\/strong><\/em><\/p>\n<p><em><strong>Nous avons une large s\u00e9lection de v\u00e9los adultes et junior de disponibles..<\/strong><\/em><em><strong>. \u00e0 vous de jouer !!!<\/strong><\/em><\/p>\n\t\t\t\t<\/div>\n\t\t\t<\/div><\/div>\t\t\t\t<\/div>\n\t\t\t\t<\/div>\n\t\t\t\t\t<\/div>\n\t\t<\/div>\n\t\t\t\t<div class=\"elementor-column elementor-col-50 elementor-inner-column elementor-element elementor-element-67dfe5f2\" data-id=\"67dfe5f2\" data-element_type=\"column\" data-e-type=\"column\">\n\t\t\t<div class=\"elementor-widget-wrap elementor-element-populated\">\n\t\t\t\t\t\t<div class=\"elementor-element elementor-element-88b5fc0 elementor-widget elementor-widget-image\" data-id=\"88b5fc0\" data-element_type=\"widget\" data-e-type=\"widget\" data-widget_type=\"image.default\">\n\t\t\t\t<div class=\"elementor-widget-container\">\n\t\t\t\t\t\t\t\t\t\t\t\t\t\t\t<img decoding=\"async\" width=\"200\" height=\"200\" src=\"https:\/\/laroutourne08.com\/wp-content\/uploads\/2024\/02\/cropped-2.png\" class=\"attachment-large size-large wp-image-10 no-lazy\" alt=\"\" srcset=\"https:\/\/laroutourne08.com\/wp-content\/uploads\/2024\/02\/cropped-2.png 200w, https:\/\/laroutourne08.com\/wp-content\/uploads\/2024\/02\/cropped-2-150x150.png 150w\" sizes=\"(max-width: 200px) 100vw, 200px\" \/>\t\t\t\t\t\t\t\t\t\t\t\t\t\t\t<\/div>\n\t\t\t\t<\/div>\n\t\t\t\t\t<\/div>\n\t\t<\/div>\n\t\t\t\t\t<\/div>\n\t\t<\/section>\n\t\t\t\t<div class=\"elementor-element elementor-element-3ca02da elementor-widget-divider--separator-type-pattern elementor-widget-divider--no-spacing elementor-widget-divider--view-line elementor-widget elementor-widget-divider\" data-id=\"3ca02da\" data-element_type=\"widget\" data-e-type=\"widget\" data-widget_type=\"divider.default\">\n\t\t\t\t<div class=\"elementor-widget-container\">\n\t\t\t\t\t\t\t<div class=\"elementor-divider\" style=\"--divider-pattern-url: url(&quot;data:image\/svg+xml,%3Csvg xmlns=&#039;http:\/\/www.w3.org\/2000\/svg&#039; preserveAspectRatio=&#039;xMidYMid meet&#039; overflow=&#039;visible&#039; height=&#039;100%&#039; viewBox=&#039;0 0 120 26&#039; fill=&#039;black&#039; stroke=&#039;none&#039;%3E%3Cpolygon points=&#039;0,14.4 0,21 11.5,12.4 21.3,20 30.4,11.1 40.3,20 51,12.4 60.6,20 69.6,11.1 79.3,20 90.1,12.4 99.6,20 109.7,11.1 120,21 120,14.4 109.7,5 99.6,13 90.1,5 79.3,14.5 71,5.7 60.6,12.4 51,5 40.3,14.5 31.1,5 21.3,13 11.5,5 \t&#039;\/%3E%3C\/svg%3E&quot;);\">\n\t\t\t<span class=\"elementor-divider-separator\">\n\t\t\t\t\t\t<\/span>\n\t\t<\/div>\n\t\t\t\t\t\t<\/div>\n\t\t\t\t<\/div>\n\t\t\t\t<div class=\"elementor-element elementor-element-7d19b6b elementor-widget__width-initial elementor-widget elementor-widget-shortcode\" data-id=\"7d19b6b\" data-element_type=\"widget\" data-e-type=\"widget\" data-widget_type=\"shortcode.default\">\n\t\t\t\t<div class=\"elementor-widget-container\">\n\t\t\t\t\t\t\t<div class=\"elementor-shortcode\">\n<div class=\"wpcf7 no-js\" id=\"wpcf7-f489-o1\" lang=\"fr-FR\" dir=\"ltr\" data-wpcf7-id=\"489\">\n<div class=\"screen-reader-response\"><p role=\"status\" aria-live=\"polite\" aria-atomic=\"true\"><\/p> <ul><\/ul><\/div>\n<form action=\"\/index.php\/wp-json\/wp\/v2\/pages\/492#wpcf7-f489-o1\" method=\"post\" class=\"wpcf7-form init\" aria-label=\"Formulaire de contact\" novalidate=\"novalidate\" data-status=\"init\">\n<fieldset class=\"hidden-fields-container\"><input type=\"hidden\" name=\"_wpcf7\" value=\"489\" \/><input type=\"hidden\" name=\"_wpcf7_version\" value=\"6.1.5\" \/><input type=\"hidden\" name=\"_wpcf7_locale\" value=\"fr_FR\" \/><input type=\"hidden\" name=\"_wpcf7_unit_tag\" value=\"wpcf7-f489-o1\" \/><input type=\"hidden\" name=\"_wpcf7_container_post\" value=\"0\" \/><input type=\"hidden\" name=\"_wpcf7_posted_data_hash\" value=\"\" \/>\n<\/fieldset>\n<p>RDV AU 39-41 AVENUE CHARLES DE GAULLE - 08400 VOUZIERS\n<\/p>\n<p>&#160;&nbsp;&nbsp;&nbsp;&nbsp;\n<\/p>\n<p><br \/>\n<label> Nom Pr\u00e9nom:<br \/>\n<span class=\"wpcf7-form-control-wrap\" data-name=\"your-name\"><input size=\"40\" maxlength=\"400\" class=\"wpcf7-form-control wpcf7-text wpcf7-validates-as-required\" autocomplete=\"name\" aria-required=\"true\" aria-invalid=\"false\" value=\"\" type=\"text\" name=\"your-name\" \/><\/span> <\/label>\n<\/p>\n<p><label> E-mail :<br \/>\n<span class=\"wpcf7-form-control-wrap\" data-name=\"your-email\"><input size=\"40\" maxlength=\"400\" class=\"wpcf7-form-control wpcf7-email wpcf7-validates-as-required wpcf7-text wpcf7-validates-as-email\" autocomplete=\"email\" aria-required=\"true\" aria-invalid=\"false\" value=\"\" type=\"email\" name=\"your-email\" \/><\/span> <\/label>\n<\/p>\n<p><label> T\u00e9l\u00e9phone :<br \/>\n<span class=\"wpcf7-form-control-wrap\" data-name=\"tel-49\"><input size=\"40\" maxlength=\"400\" class=\"wpcf7-form-control wpcf7-tel wpcf7-text wpcf7-validates-as-tel\" aria-invalid=\"false\" value=\"\" type=\"tel\" name=\"tel-49\" \/><\/span><\/label>\n<\/p>\n<p>&#160;&nbsp;&nbsp;&nbsp;&nbsp;\n<\/p>\n<p><label>Adh\u00e9rent \u00e0 la Routourne * ? :<br \/>\n<span class=\"wpcf7-form-control-wrap\" data-name=\"checkbox-428\"><span class=\"wpcf7-form-control wpcf7-checkbox wpcf7-validates-as-required wpcf7-exclusive-checkbox\"><span class=\"wpcf7-list-item first\"><label><input type=\"checkbox\" name=\"checkbox-428\" value=\"Adh\u00e9rent\" \/><span class=\"wpcf7-list-item-label\">Adh\u00e9rent<\/span><\/label><\/span><span class=\"wpcf7-list-item last\"><label><input type=\"checkbox\" name=\"checkbox-428\" value=\"Non-adh\u00e9rent\" \/><span class=\"wpcf7-list-item-label\">Non-adh\u00e9rent<\/span><\/label><\/span><\/span><\/span><\/label>\n<\/p>\n<p>&#160;&nbsp;&nbsp;&nbsp;&nbsp;&nbsp;\n<\/p>\n<p><label> Nombre de v\u00e9los ** :<br \/>\n<span class=\"wpcf7-form-control-wrap\" data-name=\"menu-946\"><select class=\"wpcf7-form-control wpcf7-select wpcf7-validates-as-required\" aria-required=\"true\" aria-invalid=\"false\" name=\"menu-946\"><option value=\"1\">1<\/option><option value=\"2\">2<\/option><option value=\"3\">3<\/option><option value=\"4\">4<\/option><option value=\"5\">5<\/option><option value=\"6\">6<\/option><option value=\"7\">7<\/option><option value=\"8\">8<\/option><option value=\"9\">9<\/option><option value=\"10\">10<\/option><option value=\"11\">11<\/option><option value=\"12\">12<\/option><option value=\"13\">13<\/option><option value=\"14\">14<\/option><option value=\"15\">15<\/option><option value=\"16\">16<\/option><option value=\"17\">17<\/option><option value=\"18\">18<\/option><option value=\"19\">19<\/option><option value=\"20\">20<\/option><\/select><\/span><br \/>\n<\/label>\n<\/p>\n<p>&#160;&nbsp;&nbsp;&nbsp;\n<\/p>\n<p><label> Cochez les cat\u00e9gories de v\u00e9los :<br \/>\n<span class=\"wpcf7-form-control-wrap\" data-name=\"Categories\"><span class=\"wpcf7-form-control wpcf7-checkbox wpcf7-validates-as-required\"><span class=\"wpcf7-list-item first\"><label><span class=\"wpcf7-list-item-label\">V\u00e9los de route<\/span><input type=\"checkbox\" name=\"Categories[]\" value=\"V\u00e9los de route\" \/><\/label><\/span><span class=\"wpcf7-list-item\"><label><span class=\"wpcf7-list-item-label\">VTT\/ VTC<\/span><input type=\"checkbox\" name=\"Categories[]\" value=\"VTT\/ VTC\" \/><\/label><\/span><span class=\"wpcf7-list-item\"><label><span class=\"wpcf7-list-item-label\">BMX<\/span><input type=\"checkbox\" name=\"Categories[]\" value=\"BMX\" \/><\/label><\/span><span class=\"wpcf7-list-item\"><label><span class=\"wpcf7-list-item-label\">Junior<\/span><input type=\"checkbox\" name=\"Categories[]\" value=\"Junior\" \/><\/label><\/span><span class=\"wpcf7-list-item last\"><label><span class=\"wpcf7-list-item-label\">Electrique<\/span><input type=\"checkbox\" name=\"Categories[]\" value=\"Electrique\" \/><\/label><\/span><\/span><\/span><\/label>\n<\/p>\n<p>&#160;&nbsp;&nbsp;&nbsp;&nbsp;\n<\/p>\n<p><label> (Si plusieurs v\u00e9los, pr\u00e9cisez le ratio pour chaque cat\u00e9gorie. Pour les v\u00e9los enfant, merci de pr\u00e9ciser ici toutes les infos.)<br \/>\n<span class=\"wpcf7-form-control-wrap\" data-name=\"textarea-341\"><textarea cols=\"40\" rows=\"10\" maxlength=\"2000\" class=\"wpcf7-form-control wpcf7-textarea\" aria-invalid=\"false\" name=\"textarea-341\"><\/textarea><\/span><br \/>\n<\/label>\n<\/p>\n<p>&#160;&nbsp;&nbsp;&nbsp;&nbsp;&nbsp;&nbsp;\n<\/p>\n<p>Dur\u00e9e de la location :<br \/>\n<span class=\"wpcf7-form-control-wrap\" data-name=\"checkbox-552\"><span class=\"wpcf7-form-control wpcf7-checkbox wpcf7-validates-as-required wpcf7-exclusive-checkbox\"><span class=\"wpcf7-list-item first\"><label><input type=\"checkbox\" name=\"checkbox-552\" value=\"1\/2 journ\u00e9e\" \/><span class=\"wpcf7-list-item-label\">1\/2 journ\u00e9e<\/span><\/label><\/span><span class=\"wpcf7-list-item\"><label><input type=\"checkbox\" name=\"checkbox-552\" value=\"1 journ\u00e9e\" \/><span class=\"wpcf7-list-item-label\">1 journ\u00e9e<\/span><\/label><\/span><span class=\"wpcf7-list-item\"><label><input type=\"checkbox\" name=\"checkbox-552\" value=\"Week-end\" \/><span class=\"wpcf7-list-item-label\">Week-end<\/span><\/label><\/span><span class=\"wpcf7-list-item last\"><label><input type=\"checkbox\" name=\"checkbox-552\" value=\"1 semaine\" \/><span class=\"wpcf7-list-item-label\">1 semaine<\/span><\/label><\/span><\/span><\/span>\n<\/p>\n<p>&#160;&nbsp;&nbsp;&nbsp;&nbsp;\n<\/p>\n<p><label>Date de sortie :<br \/>\n<span class=\"wpcf7-form-control-wrap\" data-name=\"Datedesortiedate-144\"><input class=\"wpcf7-form-control wpcf7-date wpcf7-validates-as-required wpcf7-validates-as-date\" aria-required=\"true\" aria-invalid=\"false\" placeholder=\"\" value=\"\" type=\"date\" name=\"Datedesortiedate-144\" \/><\/span><\/label>\n<\/p>\n<p>&#160;\n<\/p>\n<p><br \/>\n<label> Pr\u00e9cisez l'heure du retrait :<br \/>\n<span class=\"wpcf7-form-control-wrap\" data-name=\"text-122\"><input size=\"40\" maxlength=\"400\" class=\"wpcf7-form-control wpcf7-text\" aria-invalid=\"false\" value=\"\" type=\"text\" name=\"text-122\" \/><\/span><\/label>\n<\/p>\n<p>&#160;&nbsp;&nbsp;&nbsp;\n<\/p>\n<p><br \/>\n<label> Date de retour :<br \/>\n<span class=\"wpcf7-form-control-wrap\" data-name=\"datederetour-138\"><input class=\"wpcf7-form-control wpcf7-date wpcf7-validates-as-required wpcf7-validates-as-date\" aria-required=\"true\" aria-invalid=\"false\" value=\"\" type=\"date\" name=\"datederetour-138\" \/><\/span><\/label>\n<\/p>\n<p>&#160;\n<\/p>\n<p><br \/>\n<label> Pr\u00e9cisez l'heure du retour et autres infos au besoin :<br \/>\n<span class=\"wpcf7-form-control-wrap\" data-name=\"textarea-698\"><textarea cols=\"40\" rows=\"10\" maxlength=\"2000\" class=\"wpcf7-form-control wpcf7-textarea\" aria-invalid=\"false\" name=\"textarea-698\"><\/textarea><\/span><\/label>\n<\/p>\n<p>&#160;&nbsp;&nbsp;&nbsp;&nbsp;\n<\/p>\n<p><br \/>\n<label> OPTIONS\/ACCESSOIRES :<br \/>\n<span class=\"wpcf7-form-control-wrap\" data-name=\"Optionssupplmentaires\"><span class=\"wpcf7-form-control wpcf7-checkbox\"><span class=\"wpcf7-list-item first\"><label><span class=\"wpcf7-list-item-label\">Kit crevaison<\/span><input type=\"checkbox\" name=\"Optionssupplmentaires[]\" value=\"Kit crevaison\" \/><\/label><\/span><span class=\"wpcf7-list-item\"><label><span class=\"wpcf7-list-item-label\">Antivol<\/span><input type=\"checkbox\" name=\"Optionssupplmentaires[]\" value=\"Antivol\" \/><\/label><\/span><span class=\"wpcf7-list-item\"><label><span class=\"wpcf7-list-item-label\">Pompe \u00e0 v\u00e9los<\/span><input type=\"checkbox\" name=\"Optionssupplmentaires[]\" value=\"Pompe \u00e0 v\u00e9los\" \/><\/label><\/span><span class=\"wpcf7-list-item\"><label><span class=\"wpcf7-list-item-label\">Si\u00e8ge enfant<\/span><input type=\"checkbox\" name=\"Optionssupplmentaires[]\" value=\"Si\u00e8ge enfant\" \/><\/label><\/span><span class=\"wpcf7-list-item\"><label><span class=\"wpcf7-list-item-label\">Casque<\/span><input type=\"checkbox\" name=\"Optionssupplmentaires[]\" value=\"Casque\" \/><\/label><\/span><span class=\"wpcf7-list-item last\"><label><span class=\"wpcf7-list-item-label\">Assistance (5\u20ac\/v\u00e9lo)<\/span><input type=\"checkbox\" name=\"Optionssupplmentaires[]\" value=\"Assistance (5\u20ac\/v\u00e9lo)\" \/><\/label><\/span><\/span><\/span><\/label><br \/>\n<label> (Si plusieurs options, pr\u00e9cisez leur nombre)<br \/>\n<span class=\"wpcf7-form-control-wrap\" data-name=\"textarea-278\"><textarea cols=\"40\" rows=\"10\" maxlength=\"2000\" class=\"wpcf7-form-control wpcf7-textarea\" aria-invalid=\"false\" name=\"textarea-278\"><\/textarea><\/span><\/label>\n<\/p>\n<p>&#160;&nbsp;&nbsp;&nbsp;&nbsp;&nbsp;\n<\/p>\n<p><label> Autres demandes ?<br \/>\n<span class=\"wpcf7-form-control-wrap\" data-name=\"Autresdemandes\"><textarea cols=\"40\" rows=\"10\" maxlength=\"2000\" class=\"wpcf7-form-control wpcf7-textarea\" aria-invalid=\"false\" placeholder=\"\" name=\"Autresdemandes\"><\/textarea><\/span><\/label>\n<\/p>\n<p>&#160;&nbsp;&nbsp;&nbsp;&nbsp;&nbsp;&nbsp;\n<\/p>\n<p><input class=\"wpcf7-form-control wpcf7-submit has-spinner\" type=\"submit\" value=\"Envoyer\" \/>\n<\/p>\n<p>&#160;&nbsp;&nbsp;&nbsp;&nbsp;\n<\/p>\n<p>* Plus de 20, merci de r\u00e9server directement aupr\u00e8s des responsables de l'atelier v\u00e9los.<br \/>\n** Les adh\u00e9rents b\u00e9n\u00e9ficient d'un tarif r\u00e9duit.\n<\/p><p style=\"display: none !important;\" class=\"akismet-fields-container\" data-prefix=\"_wpcf7_ak_\"><label>&#916;<textarea name=\"_wpcf7_ak_hp_textarea\" cols=\"45\" rows=\"8\" maxlength=\"100\"><\/textarea><\/label><input type=\"hidden\" id=\"ak_js_1\" name=\"_wpcf7_ak_js\" value=\"61\"\/><script>document.getElementById( \"ak_js_1\" ).setAttribute( \"value\", ( new Date() ).getTime() );<\/script><\/p><div class=\"wpcf7-response-output\" aria-hidden=\"true\"><\/div>\n<\/form>\n<\/div>\n<\/div>\n\t\t\t\t\t\t<\/div>\n\t\t\t\t<\/div>\n\t\t\t\t\t<\/div>\n\t\t<\/div>\n\t\t\t\t\t<\/div>\n\t\t<\/section>\n\t\t<div class=\"elementor-element elementor-element-ddbd0b0 e-flex e-con-boxed e-con e-parent\" data-id=\"ddbd0b0\" data-element_type=\"container\" data-e-type=\"container\">\n\t\t\t\t\t<div class=\"e-con-inner\">\n\t\t\t\t\t<\/div>\n\t\t\t\t<\/div>\n\t\t\t\t<\/div>\n\t\t","protected":false},"excerpt":{"rendered":"<p>Louez votre v\u00e9lo directement en ligne ! Envie d&rsquo;une petit balade en plein air ?\u00a0<\/p>\n","protected":false},"author":1,"featured_media":0,"parent":0,"menu_order":0,"comment_status":"closed","ping_status":"closed","template":"","meta":{"footnotes":""},"class_list":["post-492","page","type-page","status-publish","hentry"],"yoast_head":"<!-- This site is optimized with the Yoast SEO plugin v27.3 - https:\/\/yoast.com\/product\/yoast-seo-wordpress\/ -->\n<title>Location de v\u00e9los en ligne ! - La Routourne<\/title>\n<meta name=\"robots\" content=\"index, follow, max-snippet:-1, max-image-preview:large, max-video-preview:-1\" \/>\n<link rel=\"canonical\" href=\"https:\/\/laroutourne08.com\/index.php\/location-de-velos-en-ligne\/\" \/>\n<meta property=\"og:locale\" content=\"fr_FR\" \/>\n<meta property=\"og:type\" content=\"article\" \/>\n<meta property=\"og:title\" content=\"Location de v\u00e9los en ligne ! - La Routourne\" \/>\n<meta property=\"og:description\" content=\"Louez votre v\u00e9lo directement en ligne ! Envie d&rsquo;une petit balade en plein air ?\u00a0\" \/>\n<meta property=\"og:url\" content=\"https:\/\/laroutourne08.com\/index.php\/location-de-velos-en-ligne\/\" \/>\n<meta property=\"og:site_name\" content=\"La Routourne\" \/>\n<meta property=\"article:modified_time\" content=\"2024-03-26T14:02:52+00:00\" \/>\n<meta property=\"og:image\" content=\"https:\/\/laroutourne08.com\/wp-content\/uploads\/2024\/02\/cropped-2.png\" \/>\n<meta name=\"twitter:card\" content=\"summary_large_image\" \/>\n<meta name=\"twitter:label1\" content=\"Dur\u00e9e de lecture estim\u00e9e\" \/>\n\t<meta name=\"twitter:data1\" content=\"1 minute\" \/>\n<script type=\"application\/ld+json\" class=\"yoast-schema-graph\">{\"@context\":\"https:\\\/\\\/schema.org\",\"@graph\":[{\"@type\":\"WebPage\",\"@id\":\"https:\\\/\\\/laroutourne08.com\\\/index.php\\\/location-de-velos-en-ligne\\\/\",\"url\":\"https:\\\/\\\/laroutourne08.com\\\/index.php\\\/location-de-velos-en-ligne\\\/\",\"name\":\"Location de v\u00e9los en ligne ! - La Routourne\",\"isPartOf\":{\"@id\":\"https:\\\/\\\/laroutourne08.com\\\/#website\"},\"primaryImageOfPage\":{\"@id\":\"https:\\\/\\\/laroutourne08.com\\\/index.php\\\/location-de-velos-en-ligne\\\/#primaryimage\"},\"image\":{\"@id\":\"https:\\\/\\\/laroutourne08.com\\\/index.php\\\/location-de-velos-en-ligne\\\/#primaryimage\"},\"thumbnailUrl\":\"https:\\\/\\\/laroutourne08.com\\\/wp-content\\\/uploads\\\/2024\\\/02\\\/cropped-2.png\",\"datePublished\":\"2024-03-26T13:46:29+00:00\",\"dateModified\":\"2024-03-26T14:02:52+00:00\",\"breadcrumb\":{\"@id\":\"https:\\\/\\\/laroutourne08.com\\\/index.php\\\/location-de-velos-en-ligne\\\/#breadcrumb\"},\"inLanguage\":\"fr-FR\",\"potentialAction\":[{\"@type\":\"ReadAction\",\"target\":[\"https:\\\/\\\/laroutourne08.com\\\/index.php\\\/location-de-velos-en-ligne\\\/\"]}]},{\"@type\":\"ImageObject\",\"inLanguage\":\"fr-FR\",\"@id\":\"https:\\\/\\\/laroutourne08.com\\\/index.php\\\/location-de-velos-en-ligne\\\/#primaryimage\",\"url\":\"https:\\\/\\\/laroutourne08.com\\\/wp-content\\\/uploads\\\/2024\\\/02\\\/cropped-2.png\",\"contentUrl\":\"https:\\\/\\\/laroutourne08.com\\\/wp-content\\\/uploads\\\/2024\\\/02\\\/cropped-2.png\",\"width\":200,\"height\":200},{\"@type\":\"BreadcrumbList\",\"@id\":\"https:\\\/\\\/laroutourne08.com\\\/index.php\\\/location-de-velos-en-ligne\\\/#breadcrumb\",\"itemListElement\":[{\"@type\":\"ListItem\",\"position\":1,\"name\":\"Accueil\",\"item\":\"https:\\\/\\\/laroutourne08.com\\\/\"},{\"@type\":\"ListItem\",\"position\":2,\"name\":\"Location de v\u00e9los en ligne !\"}]},{\"@type\":\"WebSite\",\"@id\":\"https:\\\/\\\/laroutourne08.com\\\/#website\",\"url\":\"https:\\\/\\\/laroutourne08.com\\\/\",\"name\":\"La Routourne\",\"description\":\"Association bas\u00e9e \u00e0 Vouziers\",\"publisher\":{\"@id\":\"https:\\\/\\\/laroutourne08.com\\\/#organization\"},\"potentialAction\":[{\"@type\":\"SearchAction\",\"target\":{\"@type\":\"EntryPoint\",\"urlTemplate\":\"https:\\\/\\\/laroutourne08.com\\\/?s={search_term_string}\"},\"query-input\":{\"@type\":\"PropertyValueSpecification\",\"valueRequired\":true,\"valueName\":\"search_term_string\"}}],\"inLanguage\":\"fr-FR\"},{\"@type\":\"Organization\",\"@id\":\"https:\\\/\\\/laroutourne08.com\\\/#organization\",\"name\":\"La Routourne\",\"url\":\"https:\\\/\\\/laroutourne08.com\\\/\",\"logo\":{\"@type\":\"ImageObject\",\"inLanguage\":\"fr-FR\",\"@id\":\"https:\\\/\\\/laroutourne08.com\\\/#\\\/schema\\\/logo\\\/image\\\/\",\"url\":\"https:\\\/\\\/laroutourne08.com\\\/wp-content\\\/uploads\\\/2024\\\/02\\\/cropped-2.png\",\"contentUrl\":\"https:\\\/\\\/laroutourne08.com\\\/wp-content\\\/uploads\\\/2024\\\/02\\\/cropped-2.png\",\"width\":200,\"height\":200,\"caption\":\"La Routourne\"},\"image\":{\"@id\":\"https:\\\/\\\/laroutourne08.com\\\/#\\\/schema\\\/logo\\\/image\\\/\"}}]}<\/script>\n<!-- \/ Yoast SEO plugin. -->","yoast_head_json":{"title":"Location de v\u00e9los en ligne ! - La Routourne","robots":{"index":"index","follow":"follow","max-snippet":"max-snippet:-1","max-image-preview":"max-image-preview:large","max-video-preview":"max-video-preview:-1"},"canonical":"https:\/\/laroutourne08.com\/index.php\/location-de-velos-en-ligne\/","og_locale":"fr_FR","og_type":"article","og_title":"Location de v\u00e9los en ligne ! - La Routourne","og_description":"Louez votre v\u00e9lo directement en ligne ! Envie d&rsquo;une petit balade en plein air ?\u00a0","og_url":"https:\/\/laroutourne08.com\/index.php\/location-de-velos-en-ligne\/","og_site_name":"La Routourne","article_modified_time":"2024-03-26T14:02:52+00:00","og_image":[{"url":"https:\/\/laroutourne08.com\/wp-content\/uploads\/2024\/02\/cropped-2.png","type":"","width":"","height":""}],"twitter_card":"summary_large_image","twitter_misc":{"Dur\u00e9e de lecture estim\u00e9e":"1 minute"},"schema":{"@context":"https:\/\/schema.org","@graph":[{"@type":"WebPage","@id":"https:\/\/laroutourne08.com\/index.php\/location-de-velos-en-ligne\/","url":"https:\/\/laroutourne08.com\/index.php\/location-de-velos-en-ligne\/","name":"Location de v\u00e9los en ligne ! - La Routourne","isPartOf":{"@id":"https:\/\/laroutourne08.com\/#website"},"primaryImageOfPage":{"@id":"https:\/\/laroutourne08.com\/index.php\/location-de-velos-en-ligne\/#primaryimage"},"image":{"@id":"https:\/\/laroutourne08.com\/index.php\/location-de-velos-en-ligne\/#primaryimage"},"thumbnailUrl":"https:\/\/laroutourne08.com\/wp-content\/uploads\/2024\/02\/cropped-2.png","datePublished":"2024-03-26T13:46:29+00:00","dateModified":"2024-03-26T14:02:52+00:00","breadcrumb":{"@id":"https:\/\/laroutourne08.com\/index.php\/location-de-velos-en-ligne\/#breadcrumb"},"inLanguage":"fr-FR","potentialAction":[{"@type":"ReadAction","target":["https:\/\/laroutourne08.com\/index.php\/location-de-velos-en-ligne\/"]}]},{"@type":"ImageObject","inLanguage":"fr-FR","@id":"https:\/\/laroutourne08.com\/index.php\/location-de-velos-en-ligne\/#primaryimage","url":"https:\/\/laroutourne08.com\/wp-content\/uploads\/2024\/02\/cropped-2.png","contentUrl":"https:\/\/laroutourne08.com\/wp-content\/uploads\/2024\/02\/cropped-2.png","width":200,"height":200},{"@type":"BreadcrumbList","@id":"https:\/\/laroutourne08.com\/index.php\/location-de-velos-en-ligne\/#breadcrumb","itemListElement":[{"@type":"ListItem","position":1,"name":"Accueil","item":"https:\/\/laroutourne08.com\/"},{"@type":"ListItem","position":2,"name":"Location de v\u00e9los en ligne !"}]},{"@type":"WebSite","@id":"https:\/\/laroutourne08.com\/#website","url":"https:\/\/laroutourne08.com\/","name":"La Routourne","description":"Association bas\u00e9e \u00e0 Vouziers","publisher":{"@id":"https:\/\/laroutourne08.com\/#organization"},"potentialAction":[{"@type":"SearchAction","target":{"@type":"EntryPoint","urlTemplate":"https:\/\/laroutourne08.com\/?s={search_term_string}"},"query-input":{"@type":"PropertyValueSpecification","valueRequired":true,"valueName":"search_term_string"}}],"inLanguage":"fr-FR"},{"@type":"Organization","@id":"https:\/\/laroutourne08.com\/#organization","name":"La Routourne","url":"https:\/\/laroutourne08.com\/","logo":{"@type":"ImageObject","inLanguage":"fr-FR","@id":"https:\/\/laroutourne08.com\/#\/schema\/logo\/image\/","url":"https:\/\/laroutourne08.com\/wp-content\/uploads\/2024\/02\/cropped-2.png","contentUrl":"https:\/\/laroutourne08.com\/wp-content\/uploads\/2024\/02\/cropped-2.png","width":200,"height":200,"caption":"La Routourne"},"image":{"@id":"https:\/\/laroutourne08.com\/#\/schema\/logo\/image\/"}}]}},"_links":{"self":[{"href":"https:\/\/laroutourne08.com\/index.php\/wp-json\/wp\/v2\/pages\/492","targetHints":{"allow":["GET"]}}],"collection":[{"href":"https:\/\/laroutourne08.com\/index.php\/wp-json\/wp\/v2\/pages"}],"about":[{"href":"https:\/\/laroutourne08.com\/index.php\/wp-json\/wp\/v2\/types\/page"}],"author":[{"embeddable":true,"href":"https:\/\/laroutourne08.com\/index.php\/wp-json\/wp\/v2\/users\/1"}],"replies":[{"embeddable":true,"href":"https:\/\/laroutourne08.com\/index.php\/wp-json\/wp\/v2\/comments?post=492"}],"version-history":[{"count":4,"href":"https:\/\/laroutourne08.com\/index.php\/wp-json\/wp\/v2\/pages\/492\/revisions"}],"predecessor-version":[{"id":505,"href":"https:\/\/laroutourne08.com\/index.php\/wp-json\/wp\/v2\/pages\/492\/revisions\/505"}],"wp:attachment":[{"href":"https:\/\/laroutourne08.com\/index.php\/wp-json\/wp\/v2\/media?parent=492"}],"curies":[{"name":"wp","href":"https:\/\/api.w.org\/{rel}","templated":true}]}}